{"id":2,"date":"2026-01-06T09:05:24","date_gmt":"2026-01-06T09:05:24","guid":{"rendered":"http:\/\/adosdarbres.org\/?page_id=2"},"modified":"2026-02-13T13:08:32","modified_gmt":"2026-02-13T13:08:32","slug":"sample-page","status":"publish","type":"page","link":"https:\/\/adosdarbres.org\/index.php\/sample-page\/","title":{"rendered":"A qui s\u2019adresser ? \u2026 petit annuaire"},"content":{"rendered":"\n<p><a href=\"http:\/\/adosdarbres.org\/wp-content\/uploads\/2026\/01\/ptit-cahier-Ados-dArbres_mail-1.pdf\">T\u00e9l\u00e9chargez une version pdf de ce petit annuaire<\/a><\/p>\n\n\n\n<p style=\"text-decoration: overline; text-decoration-color: green;  text-decoration-thickness: 5px;\"><strong>APPELS D\u2019URGENCE &#8211; SITES WEB &#8211; INFORMATIONS &#8211; PLATES-FORMES<\/strong><\/p>\n\n\n\n<p>BESOIN D\u2019UNE ECOUTE ? <\/p>\n\n\n\n<p>Pour les enfants : <strong>103<br>Ecoute-Enfants<\/strong> est un service qui r\u00e9pond aux enfants et adolescents qui \u00e9prouvent des difficult\u00e9s et se posent des questions. Les missions du <strong>103<\/strong> sont g\u00e9n\u00e9ralistes, tous les th\u00e8mes peuvent \u00eatre abord\u00e9s par les jeunes.Pour les adultes : <strong>107<\/strong><\/p>\n\n\n\n<p><strong>Child Focus<\/strong> prend en charge les cas de disparitions et d\u2019exploitation sexuelle d\u2019enfants.<br>T\u00e9l: <strong>116 000<\/strong> <strong><u><a href=\"https:\/\/childfocus.be\/fr-be\/\">childfocus.be<\/a><\/u><\/strong><\/p>\n\n\n\n<p><strong>SOS Viol<\/strong> s\u2019adresse \u00e0 toute personne concern\u00e9e par la question de la violence sexuelle : victime, entourage, professionnel. <br><strong>0800 98 100<\/strong> &#8211; <strong><u><a href=\"https:\/\/www.sosviol.be\/\">www.sosviol.be<\/a><\/u><\/strong><\/p>\n\n\n\n<p><strong>Pr\u00e9vention suicide espace jeunes<br><\/strong><a href=\"http:\/\/www.preventionsuicide.be\/jeunes\"><strong>www.preventionsuicide.be\/jeunes<\/strong><\/a><br>la ligne d\u2019\u00e9coute<strong>  0800 32 123<\/strong><\/p>\n\n\n\n<p><strong>SOS Suicide<\/strong> : ASBL qui a pour objectif la pr\u00e9vention du suicide et plus largement l\u2019am\u00e9lioration de la sant\u00e9 mentale. Soutien psychologique pour les personnes confront\u00e9es de pr\u00e8s ou de loin \u00e0 la probl\u00e9matique du suicide. <br><strong>0800\/ 77740 <\/strong><a href=\"https:\/\/sos-suicide.be\">sos-suicide.be<\/a><\/p>\n\n\n\n<p><strong>\u00c9coute violences conjugales 0800 30 030<\/strong><\/p>\n\n\n\n<p><strong>Parents D\u00e9senfant\u00e9s<\/strong> : accompagnement de parents en deuil d\u2019un enfant par la parole et l\u2019\u00e9coute. <strong><u><a href=\"https:\/\/www.parentsdesenfantes.org\/\">www.parentsdesenfantes.org<\/a><\/u><\/strong><\/p>\n\n\n\n<p><strong>Paroles d\u2019Ados<\/strong> : site proposant aux jeunes de discuter gratuitement et anonymement sur les th\u00e8mes qui les pr\u00e9occupent <strong><u><a href=\"https:\/\/www.parolesdados.be\/\">www.parolesdados.be<\/a><\/u><\/strong><\/p>\n\n\n\n<p><strong>La Police : <\/strong>Service de protection de la population. Ils sont l\u00e0 pour vous \u00e9couter et vous accompagner. <strong><u><a href=\"https:\/\/www.police.be\/fr\">my.police.be<\/a><\/u><\/strong><\/p>\n\n\n\n<p><strong>Defendere<\/strong>, une association d\u2019avocat.e.s qui accueille, \u00e9coute, accompagne et d\u00e9fend les victimes mineures et majeures d\u2019abus sexuels devant les Cours et Tribunaux.<br><strong>0476 41 31 07<\/strong> &#8211; <strong><u><a href=\"https:\/\/www.defendere.be\/\">www.defendere.be<\/a><\/u><\/strong><\/p>\n\n\n\n<p><strong>La ligue des droits de l\u2019enfant <\/strong>veille \u00e0 ce que l\u2019int\u00e9r\u00eat sup\u00e9rieur de tous les enfants soit toujours pr\u00e9serv\u00e9. <a href=\"http:\/\/www.liguedroitsenfant.be\"><strong>www.liguedroitsenfant.be<\/strong><\/a><\/p>\n\n\n\n<p><strong>Animation EVRAS<\/strong> : Education \u00e0 la Vie Relationnelle, Affective et Sexuelle pour les jeunes. <strong><u><a href=\"https:\/\/www.parent.evras.be\/\">www.parent.evras.be<\/a><\/u><\/strong><\/p>\n\n\n\n<p><strong>L\u2019Observatoire du climat scolaire<\/strong> (OCS) est un d\u00e9partement de r\u00e9f\u00e9rence en mati\u00e8re de climat scolaire et de (cyber)harc\u00e8lement au sein de l\u2019Enseignement de la FWB. Il a notamment pour missions de mettre \u00e0 disposition des \u00e9coles de la FWB et des professionnels de terrain des outils concrets pour mettre en place des actions de pr\u00e9vention et d\u2019intervention. <strong><u><a href=\"http:\/\/enseignement.be\/\">www.enseignement.be<\/a><\/u><\/strong> Accueil &gt; Syst\u00e8me \u00e9ducatif &gt; Enseignement obligatoire &gt; Service d\u2019aide et de m\u00e9diation &gt; Harc\u00e8lement dans l\u2019enseignement obligatoire<\/p>\n\n\n\n<p><strong>CAL (Centre d\u2019Action La\u00efque) <\/strong>: Promotion et d\u00e9fense de la la\u00efcit\u00e9 en Wallonie et \u00e0 Bruxelles. Champ d\u2019actions : questions \u00e9thiques et de soci\u00e9t\u00e9, \u00e9ducation permanente, communication.<\/p>\n\n\n\n<p><strong>Educonsent <\/strong>est une ASBL qui a pour but de sensibiliser les jeunes au consentement.<br><strong><u><a href=\"https:\/\/www.educonsent.be\/\">www.educonsent.be<\/a><\/u><\/strong><\/p>\n\n\n\n<p><strong>Bru-Stars<\/strong> : R\u00e9seau Bruxellois en Sant\u00e9 Mentale pour les Enfants et Adolescents, <strong>0485\/71 19 42<\/strong> <strong><u><a href=\"https:\/\/www.bru-stars.be\/\">www.bru-stars.be<\/a><\/u><\/strong><\/p>\n\n\n\n<p><strong>PsyBru<\/strong> : dispositif de l\u2019INAMI permettant de b\u00e9n\u00e9ficier de s\u00e9ances avec un psychologue \u00e0 prix r\u00e9duit \u00e0 Bruxelles <strong><u><a href=\"https:\/\/psybru.be\/fr\">psybru.be<\/a><\/u><\/strong><\/p>\n\n\n\n<p><strong>Similes <\/strong>: Soutient et informe les familles pour faire face aux maladies psychiques de leur proche lieux de rencontre, d\u2019\u00e9coute et d\u2019\u00e9change ainsi que des permanences\u2026 04 344 45 45<br><a href=\"https:\/\/associationsimiles.org\/\" target=\"_blank\" rel=\"noreferrer noopener\">https:\/\/associationsimiles.org\/<\/a><\/p>\n\n\n\n<p><strong>Genres Pluriels<\/strong> : Association \u0153uvrant \u00e0 la visibilit\u00e9, \u00e0 la valorisation, au soutien, \u00e0 l\u2019am\u00e9lioration des droits et \u00e0 la lutte contre les discriminations qui s\u2019exercent \u00e0 l\u2019encontre des personnes transgenres\/aux genres fluides. <strong><u><a href=\"https:\/\/www.genrespluriels.be\/\">www.genrespluriels.be<\/a><\/u><\/strong><\/p>\n\n\n\n<p><strong>Infor Jeunes <\/strong>est un centre d\u2019information pour les jeunes. questions sur les \u00e9tudes, le logement, le job \u00e9tudiant, &#8230; <strong><u><a href=\"https:\/\/inforjeunes.be\/\">inforjeunes.be\/centre\/<\/a><\/u><\/strong><\/p>\n\n\n\n<p><strong>FEEL<\/strong> : Un <strong>r\u00e9seau social <\/strong>(App) bienveillant au service de la jeunesse.<\/p>\n\n\n\n<p><strong>Centre de planning familiaux<\/strong> : accueil, \u00e9coute et accompagnement pour toutes les questions li\u00e9es \u00e0 la vie affective, relationnelle et sexuelle. <strong><u><a href=\"https:\/\/www.monplanningfamilial.be\/\">www.monplanningfamilial.be<\/a><\/u><\/strong><\/p>\n\n\n\n<p><strong>YAPAKA<\/strong> : Yapaka est un programme de pr\u00e9vention de la maltraitance \u00e0 l\u2019initiative du Minist\u00e8re de la F\u00e9d\u00e9ration Wallonie-Bruxelles. <strong><u><a href=\"https:\/\/www.yapaka.be\/\">www.yapaka.be<\/a><\/u><\/strong><\/p>\n\n\n\n<p><strong>Services de l\u2019aide \u00e0 la jeunesse<br><\/strong>Pour avoir la liste compl\u00e8te des services agr\u00e9\u00e9s de l\u2019Aide \u00e0 la Jeunesse en F\u00e9d\u00e9ration Wallonie-Bruxelles : <strong><u><a href=\"https:\/\/www.aidealajeunesse.cfwb.be\/\">saaj-aidealajeunesse.cfwb.be\/saaj-service<\/a><\/u><\/strong><\/p>\n\n\n\n<p><strong>A.I.S.A.P. (<\/strong>Axe International de Soutien et d\u2019Aide Psychologique). Aide et assistance \u00e0 toutes personnes ayant \u00e9t\u00e9 victimes d\u2019abus physique, psychologique ou moral, ainsi qu\u2019\u00e0 leur famille. <strong>0478\/78 36 15<\/strong><\/p>\n\n\n\n<p><strong>AMO<\/strong> : Service d\u2019Action en Milieu Ouvert agr\u00e9\u00e9 par la F\u00e9d\u00e9ration Wallonie-Bruxelles. Accompagne les demandes et les projets des jeunes de 0 \u00e0 22 ans, dans leur milieu de vie, \u00e0 l\u2019\u00e9cole, dans leur quartier et soutient leurs parents.<br>Liste des AMO sur Bruxelles : <strong><u><a href=\"https:\/\/amobxl.be\/\">amobxl.be<\/a><\/u><\/strong><\/p>\n\n\n\n<p><strong>Loupiote<\/strong> : l\u2019\u00e9ducation des jeunes au cin\u00e9ma est intrins\u00e8quement li\u00e9e \u00e0 une p\u00e9dagogie active, au dialogue, \u00e0 l\u2019\u00e9change, \u00e0 la communication humaine. <strong><u><a href=\"https:\/\/loupioteasbl.wordpress.com\/\">loupioteasbl.wordpress.com<\/a><\/u><\/strong><\/p>\n\n\n\n<p><strong>Les Mots de Tom<\/strong> vise \u00e0 sensibiliser la soci\u00e9t\u00e9 aux d\u00e9g\u00e2ts du harc\u00e8lement scolaire. <strong><u><a href=\"https:\/\/www.lesmotsdetom.be\/\">www.lesmotsdetom.be<\/a><\/u><\/strong><\/p>\n\n\n\n<p><strong>Singularit\u00e9s Plurielles<\/strong> est une ASBL qui a pour objectif de permettre le d\u00e9veloppement global de la personne. <strong><u><a href=\"https:\/\/singularitesplurielles.be\/\">singularitesplurielles.be<\/a><\/u><\/strong><\/p>\n\n\n\n<p style=\"text-decoration: overline; text-decoration-color: green;  text-decoration-thickness: 5px;\"><strong>CENTRES D\u2019ACCUEIL &#8211; UNITES DE SOINS &#8211; THERAPEUTES &#8211; HEBERGEMENT &#8230;<\/strong><\/p>\n\n\n\n<p><strong>La Clinique de la R\u00e9silience<\/strong> : sp\u00e9cialistes dans la gestion des situations de d\u00e9s\u00e9quilibre ou de rupture familiale, scolaire ou professionnelle. Direction : Bruno Humbeeck.<br><strong><u><a href=\"mailto:info@cliniquedelaresilience.be\">info@cliniquedelaresilience.be<\/a><\/u><\/strong><\/p>\n\n\n\n<p><strong>L\u2019Athanor<\/strong> : unit\u00e9 de soins pour adolescents<br>de 15 \u00e0 20 ans, du Centre Neuro Psychiatrique Saint-Martin. Rue Saint-Hubert 84<br>5100 Dave (Namur) <strong>081 315 640<\/strong> <strong><u><a href=\"https:\/\/www.lathanor.be\/athanor-lieu-pour-l-adolescence.html\">www.lathanor.be<\/a><\/u><\/strong><\/p>\n\n\n\n<p><strong>Le CRIH Centre de R\u00e9f\u00e9rence et d\u2019Intervention Harc\u00e8lement <\/strong>: vient en aide \u00e0 tout enfant, adolescent, parent ou professionnel confront\u00e9 \u00e0 une situation de cyberharc\u00e8lement des jeunes.<br><a href=\"http:\/\/www.facebook.com\/crih.hainaut\/\"><strong>www.facebook.com\/crih.hainaut\/<\/strong><\/a><strong><u> <\/u><\/strong><strong>071 50 78 75<\/strong> crih@solidaris.be<strong><u><\/u><\/strong><\/p>\n\n\n\n<p><strong>Olivier Kabangu <\/strong>P\u00e9dopsychiatre et \u00e9ducateur canin. Contact :<strong><u>ingo@dogconnxion.com<\/u><\/strong><\/p>\n\n\n\n<p><strong>Th\u00e9rapsy<\/strong> : \u00e9quipe th\u00e9rapeutique interdisciplinaire. Les blessures mentales, physiques ou m\u00e9taphoriques peuvent \u00eatre r\u00e9par\u00e9es et rester visibles. Accepter ses cicatrices nous rend de plus belles et plus riches personnes. <strong><u><a href=\"https:\/\/therapsy.be\/\">www.therapsy.be<\/a><\/u><\/strong><\/p>\n\n\n\n<p><strong>Ecole Aurore<\/strong> : d\u00e9veloppe la connaissance de soi au c\u0153ur de l\u2019\u00e9ducation. <strong><u><a href=\"https:\/\/ecoleaurore.org\/\">ecoleaurore.org<\/a><\/u><\/strong><\/p>\n\n\n\n<p style=\"text-decoration: overline; text-decoration-color: green;  text-decoration-thickness: 5px;\">CENTRES PSYCHOTHERAPEUTIQUES DE JOUR<\/p>\n\n\n\n<p><strong>C.H.S. Community Help Service<\/strong><br>Bd de la Cambre 33 \u2013 1000 Bruxelles <strong>02\/647 67 80<\/strong><\/p>\n\n\n\n<p><strong>H\u00f4pital de jour P. Sivadon<\/strong> \u2013 CHU Brugmannn Institut de Psychiatrie, Place van Gehuchten 4 1020 Bruxelles <strong>02\/477 27 36<\/strong><\/p>\n\n\n\n<p><strong>La Coursive \u2013 adolescents<br><\/strong>Rue Vieille Montagne 22 \u2013 4000 Li\u00e8ge <strong>04\/227 81 74<\/strong><\/p>\n\n\n\n<p><strong>Stratngo<\/strong> \u2013 th\u00e9rapie br\u00e8ve strat\u00e9gique \u2013<br>Darchis 55 \u2013 4000 Li\u00e8ge <strong>0498\/56 54 15<\/strong><\/p>\n\n\n\n<p><strong>La Manivelle<\/strong> \u2013 Bd de la Constitution, 19 4020 Li\u00e8ge <strong>04\/341 41 83<\/strong><\/p>\n\n\n\n<p><strong>CTJADO<\/strong> \u2013 Centre th\u00e9rapeutique de jour pour adolescents \u2013 H\u00f4pital Van Gogh<br>Rue de l\u2019h\u00f4pital 55 \u2013 6030 Marchienne au Pont <strong>071\/92 17 50<\/strong><\/p>\n\n\n\n<p style=\"text-decoration: overline; text-decoration-color: green;  text-decoration-thickness: 5px;\">CENTRE PSYCHIATRIQUE DE JOUR POUR ADOLESCENTS<\/p>\n\n\n\n<p><em>Pour adolescents en situation de rupture caus\u00e9e par des probl\u00e8mes psychiatriques ou psychosociaux.<\/em><\/p>\n\n\n\n<p><strong>Le quotidien<\/strong> \u2013 Av. Jacques Pastur 47 &#8211; 1180 Bruxelles <strong>02\/431 77 07<\/strong><\/p>\n\n\n\n<p  style=\"text-decoration: overline; text-decoration-color: green;  text-decoration-thickness: 5px;\">CENTRES POUR ENFANTS PSYCHOTIQUES BRUXELLES ET ENVIRONS<\/p>\n\n\n\n<p><strong>Glycines<\/strong> \u2013 la maison familiale \u2013 service d\u2019accueil sp\u00e9cialis\u00e9<br>rue du soleil Levant 5 &#8211; 1420 Braine L\u2019alleud \u2013 <strong>02\/384 47 74<\/strong><\/p>\n\n\n\n<p><strong>Parh\u00e9lie <\/strong>\u2013 Centre psychiatrique pour enfants et adolescents autistes psychotiques ou n\u00e9vros\u00e9s graves 3-18 ans (internat \u2013 externat) Av. Jacques Pastur 45 \u2013 1180 Bruxelles<strong> 02\/373 82 10<\/strong><\/p>\n\n\n\n<p><strong>Ana\u00efs \u2013 Grandir<\/strong> \u2013 Centre de jour pour enfants psychotiques, autistes ou pr\u00e9sentant des troubles de la personnalit\u00e9 de 3-12 ans. Rue de la Limite 116 \u2013 1210 Bruxelles <strong>02\/218 55 80<\/strong><\/p>\n\n\n\n<p  style=\"text-decoration: overline; text-decoration-color: green;  text-decoration-thickness: 5px;\">SERVICES D\u2019HEBERGEMENT NECESSITANT UN MANDAT DU SAJ OU DU TRIBUNAL DE LA JEUNESSE<\/p>\n\n\n\n<p><strong><u>Services R\u00e9sidentiels Sp\u00e9cialis\u00e9s (SRS)<\/u><\/strong><\/p>\n\n\n\n<p><em>Mission : accueil collectif de 15 jeunes qui n\u00e9cessitent une aide particuli\u00e8re et sp\u00e9cialis\u00e9e eu \u00e9gard \u00e0 des probl\u00e8mes psychologiques, comportements particuliers.<\/em><\/p>\n\n\n\n<p><strong>Le Tamaris<\/strong> : Institution d\u2019aide \u00e0 la jeunesse qui prend en charge des ados sous mandat du tribunal de la jeunesse et du service d\u2019aide \u00e0 la jeunesse de Bruxelles.<br>Av. E Thibault, 41 \u2013 1040 Bruxelles <strong>02\/640.20.73<\/strong><\/p>\n\n\n\n<p><strong>La Bastide Blanche<\/strong> \u2013 Accueil r\u00e9sidentiel pour<br>15 jeunes 15-20 ans \u2013 Mise en autonomie- ateliers occupation.<br>Rue de Gilly, 251 \u2013 6010 Couillet <strong>071\/395328<\/strong><\/p>\n\n\n\n<p><strong><u>Services R\u00e9sidentiels d\u2019Urgence (SRU)<\/u><\/strong><\/p>\n\n\n\n<p><em>Centre d\u2019accueil d\u2019urgence. Accueil collectif de<br>7 jeunes consistant en un h\u00e9bergement en dehors de leur milieu familial de vie.<\/em><\/p>\n\n\n\n<p><strong>C.R.E.S. <\/strong>Centre r\u00e9gional d\u2019\u00e9ducation et de services : accueil et h\u00e9bergement<br>de 0 \u00e0 18 ans, suivi en milieu de vie.<br>Route d\u2019Obourg 30 \u2013 7000 Mons <strong>065\/35 37 21<\/strong><\/p>\n\n\n\n<p><strong><u>Services R\u00e9sidentiels d\u2019Observation et d\u2019Orientation (SROO)<\/u><\/strong><strong><\/strong><\/p>\n\n\n\n<p><strong>MERMH<\/strong> (Maison d\u2019enfants Reine Marie-Henriette) \u2013 observation et orientation enfants de 6-12 ans \u2013 Rue de la Fl\u00e8che 14 \u2013 1000 Bruxelles <strong>02\/203 30 92<\/strong><\/p>\n\n\n\n<p><strong>Centre d\u2019observation et d\u2019orientation de la maison pour jeunes filles<\/strong><br>Rue Basse, 71 &#8211; 1180 Bruxelles <strong>02\/374 66 70<\/strong><\/p>\n\n\n\n<p><strong>Centre d\u2019observation et d\u2019orientation S. van Durme<\/strong><br>&nbsp;Accueille des gar\u00e7ons de 12-18 ans.<br>Av. du golf 44b \u2013 1640 Rhode Saint Gen\u00e8se <strong>02\/358 28 50<\/strong><\/p>\n","protected":false},"excerpt":{"rendered":"<p>T\u00e9l\u00e9chargez une version pdf de ce petit annuaire APPELS D\u2019URGENCE &#8211; SITES WEB &#8211; INFORMATIONS &#8211; PLATES-FORMES BESOIN D\u2019UNE ECOUTE ? Pour les enfants : 103Ecoute-Enfants est un service qui r\u00e9pond aux enfants et adolescents qui \u00e9prouvent des difficult\u00e9s et se posent des questions. Les missions du 103 sont g\u00e9n\u00e9ralistes, tous les th\u00e8mes peuvent \u00eatre [&hellip;]<\/p>\n","protected":false},"author":1,"featured_media":0,"parent":0,"menu_order":0,"comment_status":"closed","ping_status":"open","template":"","meta":{"footnotes":""},"class_list":["post-2","page","type-page","status-publish","hentry"],"_links":{"self":[{"href":"https:\/\/adosdarbres.org\/index.php\/wp-json\/wp\/v2\/pages\/2","targetHints":{"allow":["GET"]}}],"collection":[{"href":"https:\/\/adosdarbres.org\/index.php\/wp-json\/wp\/v2\/pages"}],"about":[{"href":"https:\/\/adosdarbres.org\/index.php\/wp-json\/wp\/v2\/types\/page"}],"author":[{"embeddable":true,"href":"https:\/\/adosdarbres.org\/index.php\/wp-json\/wp\/v2\/users\/1"}],"replies":[{"embeddable":true,"href":"https:\/\/adosdarbres.org\/index.php\/wp-json\/wp\/v2\/comments?post=2"}],"version-history":[{"count":8,"href":"https:\/\/adosdarbres.org\/index.php\/wp-json\/wp\/v2\/pages\/2\/revisions"}],"predecessor-version":[{"id":111,"href":"https:\/\/adosdarbres.org\/index.php\/wp-json\/wp\/v2\/pages\/2\/revisions\/111"}],"wp:attachment":[{"href":"https:\/\/adosdarbres.org\/index.php\/wp-json\/wp\/v2\/media?parent=2"}],"curies":[{"name":"wp","href":"https:\/\/api.w.org\/{rel}","templated":true}]}}